{"id":20,"date":"2021-08-11T00:13:36","date_gmt":"2021-08-10T22:13:36","guid":{"rendered":"http:\/\/3xtrim.eu\/?page_id=20"},"modified":"2022-08-12T12:39:44","modified_gmt":"2022-08-12T10:39:44","slug":"elementor-20","status":"publish","type":"page","link":"https:\/\/3xtrim.eu\/","title":{"rendered":"G\u0142\u00f3wna"},"content":{"rendered":"\t\t<div data-elementor-type=\"wp-post\" data-elementor-id=\"20\" class=\"elementor elementor-20\">\n\t\t\t\t\t\t<div class=\"elementor-inner\">\n\t\t\t\t<div class=\"elementor-section-wrap\">\n\t\t\t\t\t\t\t\t\t<section class=\"elementor-section elementor-top-section elementor-element elementor-element-4ca676e elementor-section-boxed elementor-section-height-default elementor-section-height-default\" data-id=\"4ca676e\" data-element_type=\"section\">\n\t\t\t\t\t\t<div class=\"elementor-container elementor-column-gap-default\">\n\t\t\t\t\t\t\t<div class=\"elementor-row\">\n\t\t\t\t\t<div class=\"elementor-column elementor-col-100 elementor-top-column elementor-element elementor-element-33f2c5f\" data-id=\"33f2c5f\" data-element_type=\"column\">\n\t\t\t<div class=\"elementor-column-wrap elementor-element-populated\">\n\t\t\t\t\t\t\t<div class=\"elementor-widget-wrap\">\n\t\t\t\t\t\t<div class=\"elementor-element elementor-element-b0ab29e elementor-widget elementor-widget-image\" data-id=\"b0ab29e\" data-element_type=\"widget\" data-widget_type=\"image.default\">\n\t\t\t\t<div class=\"elementor-widget-container\">\n\t\t\t\t\t\t\t\t<div class=\"elementor-image\">\n\t\t\t\t\t\t\t\t\t\t\t\t<img src=\"https:\/\/3xtrim.eu\/wp-content\/uploads\/2020\/10\/1.jpg\" title=\"1\" alt=\"foto Krzysztof Pawlak\" \/>\t\t\t\t\t\t\t\t\t\t\t\t\t\t<\/div>\n\t\t\t\t\t\t<\/div>\n\t\t\t\t<\/div>\n\t\t\t\t<div class=\"elementor-element elementor-element-0d3360e elementor-widget elementor-widget-text-editor\" data-id=\"0d3360e\" data-element_type=\"widget\" data-widget_type=\"text-editor.default\">\n\t\t\t\t<div class=\"elementor-widget-container\">\n\t\t\t\t\t\t\t\t<div class=\"elementor-text-editor elementor-clearfix\">\n\t\t\t\t<pre><strong>Zbieraj nalot, lataj rekreacyjne na<\/strong><strong style=\"color: var( --e-global-color-text ); font-family: var( --e-global-typography-text-font-family ), Sans-serif;\">\u00a03Xtrim Trener 550 SP-YMT ju\u017c od 360 z\u0142 brutto (292 z\u0142 netto) za godzin\u0119 !<\/strong><\/pre><div style=\"overflow-wrap: break-word; margin: 0.5em 0px 0px; white-space: pre-wrap; font-family: 'Segoe UI Historic', 'Segoe UI', Helvetica, Arial, sans-serif; color: #050505; font-size: 15px;\"><p>3Xtrim Trener 550 to fabrycznie ci\u0119\u017csza wersja popularnego samolotu 3Xtrim 450.<\/p><div dir=\"auto\" style=\"font-family: inherit;\">Bazujemy w Piotrkowie Trybunalskim (EPPT), samolot hangarowany, zadbany, bogato wyposa\u017cony, MTOM 550 KG, do dyspozycji asfaltowy pas o d\u0142ugo\u015bci 950 m (nic nie p\u0142acisz za l\u0105dowania na EPPT), o\u015bwietlony, zim\u0105 od\u015bnie\u017cany &#8211; mo\u017cna lata\u0107 ca\u0142y rok<\/div><\/div><div style=\"overflow-wrap: break-word; margin: 0.5em 0px 0px;\"><div dir=\"auto\" style=\"color: #050505; font-family: inherit; font-size: 15px; white-space: pre-wrap;\"><p>Nalot na samolocie kat. Specjalnej liczy si\u0119 do godzin PIC (oraz do TT) niezb\u0119dnych do przed\u0142u\u017cenia uprawnienia SEPL<\/p><p>To jedna z najta\u0144szych opcji uzyskania nalotu do przed\u0142u\u017cenia SEPL oraz wykonywania lot\u00f3w rekreacyjnych<\/p><p>Zapewniamy profesjonalne zapoznanie z typem pod okiem do\u015bwiadczonych instruktor\u00f3w<\/p><\/div><p style=\"color: #050505; font-family: 'Segoe UI Historic', 'Segoe UI', Helvetica, Arial, sans-serif; font-size: 15px; white-space: pre-wrap;\">Wi\u0119cej aktualno\u015bci na naszym <a href=\"https:\/\/www.facebook.com\/3xtrimrentandfly\" target=\"_blank\" rel=\"noopener\"><b>Facebooku 3Xtrim Rent &amp; Fly<\/b><\/a><\/p>Niestety od pa\u017adziernika 2021 zgodnie ze stanowiskiem ULC nalot na samolocie zarejestrowanym w kat. Specjalny nie mo\u017ce by\u0107 w liczony do godzin PIC niezb\u0119dnych do rozpocz\u0119cia szkolenia do licencji CPL(A)<\/div>\t\t\t\t\t<\/div>\n\t\t\t\t\t\t<\/div>\n\t\t\t\t<\/div>\n\t\t\t\t\t\t<\/div>\n\t\t\t\t\t<\/div>\n\t\t<\/div>\n\t\t\t\t\t\t\t\t<\/div>\n\t\t\t\t\t<\/div>\n\t\t<\/section>\n\t\t\t\t\t\t\t\t\t<\/div>\n\t\t\t<\/div>\n\t\t\t\t\t<\/div>\n\t\t","protected":false},"excerpt":{"rendered":"<p>Zbieraj nalot, lataj rekreacyjne na\u00a03Xtrim Trener 550 SP-YMT ju\u017c od 360 z\u0142 brutto (292 z\u0142 netto) za godzin\u0119 ! 3Xtrim Trener 550 to fabrycznie ci\u0119\u017csza wersja popularnego samolotu 3Xtrim 450. Bazujemy w Piotrkowie Trybunalskim (EPPT), samolot hangarowany, zadbany, bogato wyposa\u017cony, MTOM 550 KG, do dyspozycji asfaltowy pas o d\u0142ugo\u015bci 950 m (nic nie p\u0142acisz za&#8230;<\/p>\n","protected":false},"author":1,"featured_media":0,"parent":0,"menu_order":0,"comment_status":"closed","ping_status":"closed","template":"elementor_header_footer","meta":[],"_links":{"self":[{"href":"https:\/\/3xtrim.eu\/index.php?rest_route=\/wp\/v2\/pages\/20"}],"collection":[{"href":"https:\/\/3xtrim.eu\/index.php?rest_route=\/wp\/v2\/pages"}],"about":[{"href":"https:\/\/3xtrim.eu\/index.php?rest_route=\/wp\/v2\/types\/page"}],"author":[{"embeddable":true,"href":"https:\/\/3xtrim.eu\/index.php?rest_route=\/wp\/v2\/users\/1"}],"replies":[{"embeddable":true,"href":"https:\/\/3xtrim.eu\/index.php?rest_route=%2Fwp%2Fv2%2Fcomments&post=20"}],"version-history":[{"count":61,"href":"https:\/\/3xtrim.eu\/index.php?rest_route=\/wp\/v2\/pages\/20\/revisions"}],"predecessor-version":[{"id":264,"href":"https:\/\/3xtrim.eu\/index.php?rest_route=\/wp\/v2\/pages\/20\/revisions\/264"}],"wp:attachment":[{"href":"https:\/\/3xtrim.eu\/index.php?rest_route=%2Fwp%2Fv2%2Fmedia&parent=20"}],"curies":[{"name":"wp","href":"https:\/\/api.w.org\/{rel}","templated":true}]}}