{"id":55,"date":"2021-08-11T00:53:03","date_gmt":"2021-08-10T22:53:03","guid":{"rendered":"http:\/\/3xtrim.eu\/?page_id=55"},"modified":"2022-08-12T12:43:02","modified_gmt":"2022-08-12T10:43:02","slug":"koszty-wynajmu","status":"publish","type":"page","link":"https:\/\/3xtrim.eu\/?page_id=55","title":{"rendered":"Koszty wynajmu"},"content":{"rendered":"\t\t<div data-elementor-type=\"wp-page\" data-elementor-id=\"55\" class=\"elementor elementor-55\">\n\t\t\t\t\t\t<div class=\"elementor-inner\">\n\t\t\t\t<div class=\"elementor-section-wrap\">\n\t\t\t\t\t\t\t\t\t<section class=\"elementor-section elementor-top-section elementor-element elementor-element-ca90bbb elementor-section-boxed elementor-section-height-default elementor-section-height-default\" data-id=\"ca90bbb\" data-element_type=\"section\">\n\t\t\t\t\t\t<div class=\"elementor-container elementor-column-gap-default\">\n\t\t\t\t\t\t\t<div class=\"elementor-row\">\n\t\t\t\t\t<div class=\"elementor-column elementor-col-100 elementor-top-column elementor-element elementor-element-5e5e8a1\" data-id=\"5e5e8a1\" data-element_type=\"column\">\n\t\t\t<div class=\"elementor-column-wrap elementor-element-populated\">\n\t\t\t\t\t\t\t<div class=\"elementor-widget-wrap\">\n\t\t\t\t\t\t<div class=\"elementor-element elementor-element-9db0dda elementor-widget elementor-widget-image\" data-id=\"9db0dda\" data-element_type=\"widget\" data-widget_type=\"image.default\">\n\t\t\t\t<div class=\"elementor-widget-container\">\n\t\t\t\t\t\t\t\t<div class=\"elementor-image\">\n\t\t\t\t\t\t\t\t\t\t\t\t<img src=\"https:\/\/3xtrim.eu\/wp-content\/uploads\/2020\/10\/5.jpg\" title=\"5\" alt=\"SP-YMT 3xtrim\" \/>\t\t\t\t\t\t\t\t\t\t\t\t\t\t<\/div>\n\t\t\t\t\t\t<\/div>\n\t\t\t\t<\/div>\n\t\t\t\t<div class=\"elementor-element elementor-element-31f9ab4 elementor-widget elementor-widget-text-editor\" data-id=\"31f9ab4\" data-element_type=\"widget\" data-widget_type=\"text-editor.default\">\n\t\t\t\t<div class=\"elementor-widget-container\">\n\t\t\t\t\t\t\t\t<div class=\"elementor-text-editor elementor-clearfix\">\n\t\t\t\t<p class=\"MsoNormal\" style=\"mso-margin-top-alt: auto; mso-margin-bottom-alt: auto; line-height: normal;\"><b><span style=\"font-size: 14.0pt; font-family: 'Calibri Light',sans-serif; mso-ascii-theme-font: major-latin; mso-fareast-font-family: 'Times New Roman'; mso-hansi-theme-font: major-latin; mso-bidi-theme-font: major-latin; mso-fareast-language: PL;\">Koszty wynajmu<\/span><\/b><\/p><p class=\"MsoNormal\" style=\"mso-margin-top-alt: auto; mso-margin-bottom-alt: auto; line-height: normal;\"><span style=\"font-size: 12.0pt; font-family: 'Calibri Light',sans-serif; mso-ascii-theme-font: major-latin; mso-fareast-font-family: 'Times New Roman'; mso-hansi-theme-font: major-latin; mso-bidi-theme-font: major-latin; mso-fareast-language: PL;\">Koszty wynajmu s\u0105 podane w warto\u015bci brutto, z faktur\u0105 VAT za\u00a0godzin\u0119 suchego samolotu, zu\u017cycie paliwa do\u015b\u0107 mocno zale\u017cy od techniki latania i za\u0142adowania, preferujemy PB98 lub Shell Racing VPower 100, samolot spala \u015brednio w zale\u017cno\u015bci od pr\u0119dko\u015bci lotu od 12 do 16 l na godzin\u0119 (w zakresie pr\u0119dko\u015bci przelotowej 130-160 km\/h).\u00a0<\/span><\/p><p class=\"MsoNormal\" style=\"mso-margin-top-alt: auto; mso-margin-bottom-alt: auto; line-height: normal;\"><b><span style=\"font-size: 12.0pt; font-family: 'Calibri Light',sans-serif; mso-ascii-theme-font: major-latin; mso-fareast-font-family: 'Times New Roman'; mso-hansi-theme-font: major-latin; mso-bidi-theme-font: major-latin; mso-fareast-language: PL;\">Pojedyncza godzina to koszt 420 z\u0142 brutto (cena bazowa)<\/span><\/b><\/p><p class=\"MsoNormal\" style=\"mso-margin-top-alt: auto; mso-margin-bottom-alt: auto; line-height: normal;\"><b><span style=\"font-size: 12.0pt; font-family: 'Calibri Light',sans-serif; mso-ascii-theme-font: major-latin; mso-fareast-font-family: 'Times New Roman'; mso-hansi-theme-font: major-latin; mso-bidi-theme-font: major-latin; mso-fareast-language: PL;\">Pakiet pierwszych 10 FH kosztuje 3900 z\u0142 brutto w tym dostajesz zapoznanie z typem w asy\u015bcie instruktora (do 3 godzin).<\/span><\/b><\/p><p class=\"MsoNormal\" style=\"mso-margin-top-alt: auto; mso-margin-bottom-alt: auto; line-height: normal;\"><b><span style=\"font-size: 12.0pt; font-family: 'Calibri Light',sans-serif; mso-ascii-theme-font: major-latin; mso-fareast-font-family: 'Times New Roman'; mso-hansi-theme-font: major-latin; mso-bidi-theme-font: major-latin; mso-fareast-language: PL;\">Po wylataniu pierwszych 10 FH<\/span><\/b><span style=\"font-size: 12.0pt; font-family: 'Calibri Light',sans-serif; mso-ascii-theme-font: major-latin; mso-fareast-font-family: 'Times New Roman'; mso-hansi-theme-font: major-latin; mso-bidi-theme-font: major-latin; mso-fareast-language: PL;\"> (niezale\u017cnie czy w pojedynczych godzinach czy w pakiecie) <b>uzyskujesz do\u017cywotni rabat na pakiety 10 FH\u00a0 <\/b>wi\u0119c ka\u017cdy nast\u0119pny <b>pakiet 10 FH kosztuje Ci\u0119 ju\u017c tylko 3600 z\u0142.\u00a0<\/b><\/span><\/p><p class=\"MsoNormal\" style=\"mso-margin-top-alt: auto; mso-margin-bottom-alt: auto; line-height: normal;\"><b><span style=\"font-size: 12.0pt; font-family: 'Calibri Light',sans-serif; mso-ascii-theme-font: major-latin; mso-fareast-font-family: 'Times New Roman'; mso-hansi-theme-font: major-latin; mso-bidi-theme-font: major-latin; mso-fareast-language: PL;\">Jest to jedna z najlepszych ofert na tanie latanie dost\u0119pna na rynku, jednocze\u015bnie mamy bardzo klarowne\u00a0i jasne zasady wynajmu.\u00a0<\/span><\/b><\/p><p class=\"MsoNormal\" style=\"mso-margin-top-alt: auto; mso-margin-bottom-alt: auto; line-height: normal;\"><b><span style=\"font-size: 12.0pt; font-family: 'Calibri Light',sans-serif; mso-ascii-theme-font: major-latin; mso-fareast-font-family: 'Times New Roman'; mso-hansi-theme-font: major-latin; mso-bidi-theme-font: major-latin; mso-fareast-language: PL;\">Poniewa\u017c przewidujemy wynajem samolotu max. na 200 &#8211; 250 FH rocznie, nie ma jaki\u015b wi\u0119kszych problem\u00f3w z dost\u0119pno\u015bci\u0105 sprz\u0119tu.<\/span><\/b><\/p><p class=\"MsoNormal\" style=\"margin-bottom: 12.0pt; line-height: normal;\"><span style=\"font-size: 12.0pt; font-family: 'Calibri Light',sans-serif; mso-ascii-theme-font: major-latin; mso-fareast-font-family: 'Times New Roman'; mso-hansi-theme-font: major-latin; mso-bidi-theme-font: major-latin; mso-fareast-language: PL;\"><br \/>Na wylatanie ka\u017cdych przedp\u0142aconych 10 FH masz 3 miesi\u0105ce od momentu dokonania wp\u0142aty.<\/span><\/p><p><b>Pakiet 50 FH kosztuje 15900 z\u0142 \u2013 jest wa\u017cny 6 miesi\u0119cy, ale je\u015bli wylatasz go w 2 miesi\u0105ce otrzymujesz gratisowo 5 FH (do wylatania w 30 dni od momentu wylatania pakietu podstawowego 50 FH).<\/b><\/p><p><b>W ofercie mamy te\u017c pakiet turystyczno-weekendowy.<\/b><br \/>Obejmuje on zabranie samolotu na weekend (zabierasz w pi\u0105tek, oddajesz w niedziel\u0119 wieczorem) &#8211; koszt weekendu wynosi 3600 z\u0142 i masz w tym 10 FH do wylatania (je\u015bli wylatasz wi\u0119cej to za ka\u017cd\u0105 dodatkow\u0105 godzin\u0119 p\u0142acisz 360 z\u0142, wylatasz mniej to niestety nie oddajemy op\u0142aty za niewykorzystany czas), za hangarowanie na obcym lotnisku p\u0142acisz Ty.\u00a0<\/p><p class=\"MsoNormal\" style=\"mso-margin-top-alt: auto; mso-margin-bottom-alt: auto; line-height: normal;\"><span style=\"font-size: 12.0pt; font-family: 'Calibri Light',sans-serif; mso-ascii-theme-font: major-latin; mso-fareast-font-family: 'Times New Roman'; mso-hansi-theme-font: major-latin; mso-bidi-theme-font: major-latin; mso-fareast-language: PL;\">Generalnie zasada jest taka, \u017ce oddajesz samolot w takim stanie w jakim go dosta\u0142e\u015b (paliwo, czysto\u015b\u0107, itp).<\/span><\/p><p class=\"MsoNormal\" style=\"mso-margin-top-alt: auto; mso-margin-bottom-alt: auto; line-height: normal;\"><span style=\"font-size: 12.0pt; font-family: 'Calibri Light',sans-serif; mso-ascii-theme-font: major-latin; mso-fareast-font-family: 'Times New Roman'; mso-hansi-theme-font: major-latin; mso-bidi-theme-font: major-latin; mso-fareast-language: PL;\">Do Twojej dyspozycji na lotnisku w Piotrkowie Trybunalskim jest szafka gdzie znajduj\u0105 si\u0119 r\u00f3\u017cne akcesoria, min. lejki do paliwa i kanistry 3 x 20 l, umo\u017cliwiaj\u0105ce zatankowanie samolotu do pe\u0142na (do stacji Shell jest 7-8 min jazdy)\u00a0oraz akcesoria do mycia.<\/span><\/p><p>\u00a0<\/p><p class=\"MsoNormal\" style=\"mso-margin-top-alt: auto; mso-margin-bottom-alt: auto; line-height: normal;\"><span style=\"font-size: 12.0pt; font-family: 'Calibri Light',sans-serif; mso-ascii-theme-font: major-latin; mso-fareast-font-family: 'Times New Roman'; mso-hansi-theme-font: major-latin; mso-bidi-theme-font: major-latin; mso-fareast-language: PL;\">Samolot ubezpieczony w zakresie OC\/AC i NNW, obs\u0142ugiwany przez zawodowych mechanik\u00f3w z licencj\u0105 Part 6\u00a0<\/span><\/p>\t\t\t\t\t<\/div>\n\t\t\t\t\t\t<\/div>\n\t\t\t\t<\/div>\n\t\t\t\t\t\t<\/div>\n\t\t\t\t\t<\/div>\n\t\t<\/div>\n\t\t\t\t\t\t\t\t<\/div>\n\t\t\t\t\t<\/div>\n\t\t<\/section>\n\t\t\t\t\t\t\t\t\t<\/div>\n\t\t\t<\/div>\n\t\t\t\t\t<\/div>\n\t\t","protected":false},"excerpt":{"rendered":"<p>Koszty wynajmu Koszty wynajmu s\u0105 podane w warto\u015bci brutto, z faktur\u0105 VAT za\u00a0godzin\u0119 suchego samolotu, zu\u017cycie paliwa do\u015b\u0107 mocno zale\u017cy od techniki latania i za\u0142adowania, preferujemy PB98 lub Shell Racing VPower 100, samolot spala \u015brednio w zale\u017cno\u015bci od pr\u0119dko\u015bci lotu od 12 do 16 l na godzin\u0119 (w zakresie pr\u0119dko\u015bci przelotowej 130-160 km\/h).\u00a0 Pojedyncza godzina&#8230;<\/p>\n","protected":false},"author":1,"featured_media":0,"parent":0,"menu_order":0,"comment_status":"closed","ping_status":"closed","template":"elementor_header_footer","meta":[],"_links":{"self":[{"href":"https:\/\/3xtrim.eu\/index.php?rest_route=\/wp\/v2\/pages\/55"}],"collection":[{"href":"https:\/\/3xtrim.eu\/index.php?rest_route=\/wp\/v2\/pages"}],"about":[{"href":"https:\/\/3xtrim.eu\/index.php?rest_route=\/wp\/v2\/types\/page"}],"author":[{"embeddable":true,"href":"https:\/\/3xtrim.eu\/index.php?rest_route=\/wp\/v2\/users\/1"}],"replies":[{"embeddable":true,"href":"https:\/\/3xtrim.eu\/index.php?rest_route=%2Fwp%2Fv2%2Fcomments&post=55"}],"version-history":[{"count":29,"href":"https:\/\/3xtrim.eu\/index.php?rest_route=\/wp\/v2\/pages\/55\/revisions"}],"predecessor-version":[{"id":270,"href":"https:\/\/3xtrim.eu\/index.php?rest_route=\/wp\/v2\/pages\/55\/revisions\/270"}],"wp:attachment":[{"href":"https:\/\/3xtrim.eu\/index.php?rest_route=%2Fwp%2Fv2%2Fmedia&parent=55"}],"curies":[{"name":"wp","href":"https:\/\/api.w.org\/{rel}","templated":true}]}}