{"id":56,"date":"2021-08-11T00:53:03","date_gmt":"2021-08-10T22:53:03","guid":{"rendered":"http:\/\/3xtrim.eu\/?page_id=56"},"modified":"2022-08-12T12:16:27","modified_gmt":"2022-08-12T10:16:27","slug":"warunki-wynajmu","status":"publish","type":"page","link":"https:\/\/3xtrim.eu\/?page_id=56","title":{"rendered":"Warunki wynajmu"},"content":{"rendered":"\t\t<div data-elementor-type=\"wp-page\" data-elementor-id=\"56\" class=\"elementor elementor-56\">\n\t\t\t\t\t\t<div class=\"elementor-inner\">\n\t\t\t\t<div class=\"elementor-section-wrap\">\n\t\t\t\t\t\t\t\t\t<section class=\"elementor-section elementor-top-section elementor-element elementor-element-b76ded6 elementor-section-boxed elementor-section-height-default elementor-section-height-default\" data-id=\"b76ded6\" data-element_type=\"section\">\n\t\t\t\t\t\t<div class=\"elementor-container elementor-column-gap-default\">\n\t\t\t\t\t\t\t<div class=\"elementor-row\">\n\t\t\t\t\t<div class=\"elementor-column elementor-col-100 elementor-top-column elementor-element elementor-element-82b4d63\" data-id=\"82b4d63\" data-element_type=\"column\">\n\t\t\t<div class=\"elementor-column-wrap elementor-element-populated\">\n\t\t\t\t\t\t\t<div class=\"elementor-widget-wrap\">\n\t\t\t\t\t\t<div class=\"elementor-element elementor-element-e172f68 elementor-widget elementor-widget-image\" data-id=\"e172f68\" data-element_type=\"widget\" data-widget_type=\"image.default\">\n\t\t\t\t<div class=\"elementor-widget-container\">\n\t\t\t\t\t\t\t\t<div class=\"elementor-image\">\n\t\t\t\t\t\t\t\t\t\t\t\t<img src=\"https:\/\/3xtrim.eu\/wp-content\/uploads\/2020\/10\/7.jpg\" title=\"7\" alt=\"7\" \/>\t\t\t\t\t\t\t\t\t\t\t\t\t\t<\/div>\n\t\t\t\t\t\t<\/div>\n\t\t\t\t<\/div>\n\t\t\t\t<div class=\"elementor-element elementor-element-af5ae13 elementor-widget elementor-widget-text-editor\" data-id=\"af5ae13\" data-element_type=\"widget\" data-widget_type=\"text-editor.default\">\n\t\t\t\t<div class=\"elementor-widget-container\">\n\t\t\t\t\t\t\t\t<div class=\"elementor-text-editor elementor-clearfix\">\n\t\t\t\t<p><b><span style=\"font-size: 14.0pt; font-family: 'Calibri Light',sans-serif; mso-ascii-theme-font: major-latin; mso-hansi-theme-font: major-latin; mso-bidi-theme-font: major-latin;\">Warunki wynajmu \/ wymagane do\u015bwiadczenie lotnicze<\/span><\/b><\/p><p><span style=\"font-family: 'Calibri Light',sans-serif; mso-ascii-theme-font: major-latin; mso-hansi-theme-font: major-latin; mso-bidi-theme-font: major-latin;\">Samolot jest zarejestrowany w kat. Specjalny z MTOM 550 Kg (czyli jako &#8222;normalny samolot&#8221;,\u00a0 a nie UL), wylatane godziny na nim daj\u0105 Ci mo\u017cliwo\u015b\u0107 przed\u0142u\u017cenia SEPL-a z nalotu. Jednocze\u015bnie, poniewa\u017c wa\u017cy mniej ni\u017c 600 Kg to mo\u017cesz na nim lata\u0107 z polskim \u015awiadectwem Kwalifikacji pilota UL. <\/span><\/p><p>Jest prosty i przewidywalny w pilota\u017cu, bardzo poprawny w przeci\u0105gni\u0119ciu, bez tendencji walenia si\u0119 na skrzyd\u0142o.\u00a0<\/p><p><span style=\"font-family: 'Calibri Light',sans-serif; mso-ascii-theme-font: major-latin; mso-hansi-theme-font: major-latin; mso-bidi-theme-font: major-latin;\">Spokojnie wystarczy pas o d\u0142ugo\u015bci 450-500 m na wykonanie bezpiecznego startu i l\u0105dowania \u2013 przy podej\u015bciu znad przeszkody.<\/span><\/p><p><span style=\"font-family: 'Calibri Light',sans-serif; mso-ascii-theme-font: major-latin; mso-hansi-theme-font: major-latin; mso-bidi-theme-font: major-latin;\">Jest niewiele l\u017cejszy (o 30-50 Kg w zale\u017cno\u015bci od konfiguracji) od popularnego samolotu\u00a0Tecnam P2002 Sierra.<\/span><\/p><p>Samolotem mog\u0105 lata\u0107 piloci posiadaj\u0105cy licencj\u0119 PPL(A) lub wy\u017csz\u0105, oraz polskie \u015aK pilota UL. Wymagamy min. 70 FH TT (\u00a0min. 25 FH nalotu PIC ), w tym min. 3 FH PIC w przeci\u0105gu ostatnich 30 dni, cho\u0107 dopuszczamy wyj\u0105tki &#8211; do konsultacji przez telefon (du\u017cym plusem b\u0119dzie do\u015bwiadczenie szybowcowe) i po lotach sprawdzaj\u0105cych. Je\u015bli zajdzie taka potrzeba mo\u017cemy zapewni\u0107 do\u015bwiadczonego pilota bezpiecze\u0144stwa &#8211; instruktora lub pilota z CPL(A) &#8211;\u00a0<span style=\"color: var( --e-global-color-text ); font-family: var( --e-global-typography-text-font-family ), Sans-serif; font-weight: var( --e-global-typography-text-font-weight );\">na tyle na ile b\u0119dzie sam tego potrzebowa\u0142.<\/span><\/p><p>\u00a0<\/p><p style=\"margin-bottom: 12.0pt;\">\u00a0<\/p><p>Samolot ubezpieczony w zakresie OC\/AC i NNW, oraz obs\u0142ugiwany przez zawodowych mechanik\u00f3w z licencj\u0105 Part 66.<\/p>\t\t\t\t\t<\/div>\n\t\t\t\t\t\t<\/div>\n\t\t\t\t<\/div>\n\t\t\t\t\t\t<\/div>\n\t\t\t\t\t<\/div>\n\t\t<\/div>\n\t\t\t\t\t\t\t\t<\/div>\n\t\t\t\t\t<\/div>\n\t\t<\/section>\n\t\t\t\t\t\t\t\t\t<\/div>\n\t\t\t<\/div>\n\t\t\t\t\t<\/div>\n\t\t","protected":false},"excerpt":{"rendered":"<p>Warunki wynajmu \/ wymagane do\u015bwiadczenie lotnicze Samolot jest zarejestrowany w kat. Specjalny z MTOM 550 Kg (czyli jako &#8222;normalny samolot&#8221;,\u00a0 a nie UL), wylatane godziny na nim daj\u0105 Ci mo\u017cliwo\u015b\u0107 przed\u0142u\u017cenia SEPL-a z nalotu. Jednocze\u015bnie, poniewa\u017c wa\u017cy mniej ni\u017c 600 Kg to mo\u017cesz na nim lata\u0107 z polskim \u015awiadectwem Kwalifikacji pilota UL. Jest prosty i&#8230;<\/p>\n","protected":false},"author":1,"featured_media":0,"parent":0,"menu_order":0,"comment_status":"closed","ping_status":"closed","template":"elementor_header_footer","meta":[],"_links":{"self":[{"href":"https:\/\/3xtrim.eu\/index.php?rest_route=\/wp\/v2\/pages\/56"}],"collection":[{"href":"https:\/\/3xtrim.eu\/index.php?rest_route=\/wp\/v2\/pages"}],"about":[{"href":"https:\/\/3xtrim.eu\/index.php?rest_route=\/wp\/v2\/types\/page"}],"author":[{"embeddable":true,"href":"https:\/\/3xtrim.eu\/index.php?rest_route=\/wp\/v2\/users\/1"}],"replies":[{"embeddable":true,"href":"https:\/\/3xtrim.eu\/index.php?rest_route=%2Fwp%2Fv2%2Fcomments&post=56"}],"version-history":[{"count":13,"href":"https:\/\/3xtrim.eu\/index.php?rest_route=\/wp\/v2\/pages\/56\/revisions"}],"predecessor-version":[{"id":251,"href":"https:\/\/3xtrim.eu\/index.php?rest_route=\/wp\/v2\/pages\/56\/revisions\/251"}],"wp:attachment":[{"href":"https:\/\/3xtrim.eu\/index.php?rest_route=%2Fwp%2Fv2%2Fmedia&parent=56"}],"curies":[{"name":"wp","href":"https:\/\/api.w.org\/{rel}","templated":true}]}}